{"id":2436,"date":"2022-12-15T19:08:59","date_gmt":"2022-12-15T18:08:59","guid":{"rendered":"https:\/\/terapiassandalo.com\/?post_type=product&#038;p=2436"},"modified":"2022-12-15T19:09:49","modified_gmt":"2022-12-15T18:09:49","slug":"3-sesiones-masaje-antiestres-2","status":"publish","type":"product","link":"https:\/\/terapiassandalo.com\/?product=3-sesiones-masaje-antiestres-2","title":{"rendered":"3 Sesiones masaje Antiestr\u00e9s"},"content":{"rendered":"<p>Terapia manual para la relajaci\u00f3n y alivio de la tensi\u00f3n muscular, producida por el estr\u00e9s y malos h\u00e1bitos posturales. Aceites de aloe, romero, \u00e1rbol del t\u00e9 y almendras. Hidrataci\u00f3n facial: b\u00e1lsamo reparador con vitamina C \/ hidratante masculina con aloe. Zonas: piernas, pies, espalda, cuello\/cabeza\/cara.<\/p>\n","protected":false},"excerpt":{"rendered":"<p>Terapia manual para la relajaci\u00f3n y alivio de la tensi\u00f3n muscular, producida por el estr\u00e9s y malos h\u00e1bitos posturales. Aceites de aloe, romero, \u00e1rbol del t\u00e9 y almendras. Hidrataci\u00f3n facial: b\u00e1lsamo reparador con vitamina C \/ hidratante masculina con aloe. Zonas: piernas, pies, espalda, cuello\/cabeza\/cara.<\/p>\n","protected":false},"featured_media":2437,"template":"","meta":{"_joinchat":[]},"product_cat":[35],"product_tag":[],"giftcard-category":[],"class_list":{"0":"post-2436","1":"product","2":"type-product","3":"status-publish","4":"has-post-thumbnail","6":"product_cat-masajes","7":"description-off","9":"first","10":"instock","11":"shipping-taxable","12":"purchasable","13":"product-type-simple"},"_links":{"self":[{"href":"https:\/\/terapiassandalo.com\/index.php?rest_route=\/wp\/v2\/product\/2436"}],"collection":[{"href":"https:\/\/terapiassandalo.com\/index.php?rest_route=\/wp\/v2\/product"}],"about":[{"href":"https:\/\/terapiassandalo.com\/index.php?rest_route=\/wp\/v2\/types\/product"}],"wp:featuredmedia":[{"embeddable":true,"href":"https:\/\/terapiassandalo.com\/index.php?rest_route=\/wp\/v2\/media\/2437"}],"wp:attachment":[{"href":"https:\/\/terapiassandalo.com\/index.php?rest_route=%2Fwp%2Fv2%2Fmedia&parent=2436"}],"wp:term":[{"taxonomy":"product_cat","embeddable":true,"href":"https:\/\/terapiassandalo.com\/index.php?rest_route=%2Fwp%2Fv2%2Fproduct_cat&post=2436"},{"taxonomy":"product_tag","embeddable":true,"href":"https:\/\/terapiassandalo.com\/index.php?rest_route=%2Fwp%2Fv2%2Fproduct_tag&post=2436"},{"taxonomy":"giftcard-category","embeddable":true,"href":"https:\/\/terapiassandalo.com\/index.php?rest_route=%2Fwp%2Fv2%2Fgiftcard-category&post=2436"}],"curies":[{"name":"wp","href":"https:\/\/api.w.org\/{rel}","templated":true}]}}