{"id":2348,"date":"2022-02-26T17:57:45","date_gmt":"2022-02-26T16:57:45","guid":{"rendered":"https:\/\/terapiassandalo.com\/?post_type=product&#038;p=2348"},"modified":"2022-02-26T18:00:01","modified_gmt":"2022-02-26T17:00:01","slug":"tarjeta-regalo-dia-del-padre","status":"publish","type":"product","link":"https:\/\/terapiassandalo.com\/?product=tarjeta-regalo-dia-del-padre","title":{"rendered":"Tarjeta Regalo d\u00eda del padre 25\u20ac"},"content":{"rendered":"<h1>MASAJE D\u00cdA DEL PADRE<\/h1>\n<p>Regala un masaje especial d\u00eda del padre, podr\u00e1 escoger entre relajante o descontracturante.<\/p>\n<p>Precio especial d\u00eda del padre.<\/p>\n<p>Caducidad de un a\u00f1o.<\/p>\n<p><img loading=\"lazy\" decoding=\"async\" class=\"alignnone wp-image-2349 size-full\" src=\"https:\/\/terapiassandalo.com\/wp-content\/uploads\/2022\/02\/Captura.jpg\" alt=\"\" width=\"1294\" height=\"722\" srcset=\"https:\/\/terapiassandalo.com\/wp-content\/uploads\/2022\/02\/Captura.jpg 1294w, https:\/\/terapiassandalo.com\/wp-content\/uploads\/2022\/02\/Captura-300x167.jpg 300w, https:\/\/terapiassandalo.com\/wp-content\/uploads\/2022\/02\/Captura-1024x571.jpg 1024w, https:\/\/terapiassandalo.com\/wp-content\/uploads\/2022\/02\/Captura-768x429.jpg 768w, https:\/\/terapiassandalo.com\/wp-content\/uploads\/2022\/02\/Captura-600x335.jpg 600w\" sizes=\"(max-width: 1294px) 100vw, 1294px\" \/><\/p>\n","protected":false},"excerpt":{"rendered":"<p>MASAJE D\u00cdA DEL PADRE Regala un masaje especial d\u00eda del padre, podr\u00e1 escoger entre relajante o descontracturante. Precio especial d\u00eda del padre. Caducidad de un a\u00f1o.<\/p>\n","protected":false},"featured_media":2349,"template":"","meta":{"_joinchat":[]},"product_cat":[15],"product_tag":[],"giftcard-category":[],"class_list":{"0":"post-2348","1":"product","2":"type-product","3":"status-publish","4":"has-post-thumbnail","6":"product_cat-sin-categoria","7":"description-off","9":"first","10":"instock","11":"shipping-taxable","12":"purchasable","13":"product-type-gift-card"},"_links":{"self":[{"href":"https:\/\/terapiassandalo.com\/index.php?rest_route=\/wp\/v2\/product\/2348"}],"collection":[{"href":"https:\/\/terapiassandalo.com\/index.php?rest_route=\/wp\/v2\/product"}],"about":[{"href":"https:\/\/terapiassandalo.com\/index.php?rest_route=\/wp\/v2\/types\/product"}],"wp:featuredmedia":[{"embeddable":true,"href":"https:\/\/terapiassandalo.com\/index.php?rest_route=\/wp\/v2\/media\/2349"}],"wp:attachment":[{"href":"https:\/\/terapiassandalo.com\/index.php?rest_route=%2Fwp%2Fv2%2Fmedia&parent=2348"}],"wp:term":[{"taxonomy":"product_cat","embeddable":true,"href":"https:\/\/terapiassandalo.com\/index.php?rest_route=%2Fwp%2Fv2%2Fproduct_cat&post=2348"},{"taxonomy":"product_tag","embeddable":true,"href":"https:\/\/terapiassandalo.com\/index.php?rest_route=%2Fwp%2Fv2%2Fproduct_tag&post=2348"},{"taxonomy":"giftcard-category","embeddable":true,"href":"https:\/\/terapiassandalo.com\/index.php?rest_route=%2Fwp%2Fv2%2Fgiftcard-category&post=2348"}],"curies":[{"name":"wp","href":"https:\/\/api.w.org\/{rel}","templated":true}]}}