{"id":2269,"date":"2021-11-22T10:36:33","date_gmt":"2021-11-22T09:36:33","guid":{"rendered":"https:\/\/terapiassandalo.com\/?post_type=product&#038;p=2269"},"modified":"2024-11-08T09:49:46","modified_gmt":"2024-11-08T08:49:46","slug":"tarjeta-de-regalo-sandalo","status":"publish","type":"product","link":"https:\/\/terapiassandalo.com\/?product=tarjeta-de-regalo-sandalo","title":{"rendered":"Tarjeta de regalo S\u00e1ndalo"},"content":{"rendered":"<p>V\u00e1lida para todos los servicios de terapias S\u00e1ndalo.<\/p>\n<p>&nbsp;<\/p>\n<h3>CADUCIDAD DE 6 MESES DESDE LA COMPRA<\/h3>\n","protected":false},"excerpt":{"rendered":"<p>V\u00e1lida para todos los servicios de terapias S\u00e1ndalo. &nbsp; CADUCIDAD DE 6 MESES DESDE LA COMPRA<\/p>\n","protected":false},"featured_media":2820,"template":"","meta":{"_joinchat":[]},"product_cat":[15],"product_tag":[],"giftcard-category":[44],"class_list":{"0":"post-2269","1":"product","2":"type-product","3":"status-publish","4":"has-post-thumbnail","6":"product_cat-sin-categoria","7":"giftcard-category-tarjeta-regalo-sandalo","8":"description-off","10":"first","11":"instock","12":"virtual","13":"purchasable","14":"product-type-gift-card"},"_links":{"self":[{"href":"https:\/\/terapiassandalo.com\/index.php?rest_route=\/wp\/v2\/product\/2269"}],"collection":[{"href":"https:\/\/terapiassandalo.com\/index.php?rest_route=\/wp\/v2\/product"}],"about":[{"href":"https:\/\/terapiassandalo.com\/index.php?rest_route=\/wp\/v2\/types\/product"}],"wp:featuredmedia":[{"embeddable":true,"href":"https:\/\/terapiassandalo.com\/index.php?rest_route=\/wp\/v2\/media\/2820"}],"wp:attachment":[{"href":"https:\/\/terapiassandalo.com\/index.php?rest_route=%2Fwp%2Fv2%2Fmedia&parent=2269"}],"wp:term":[{"taxonomy":"product_cat","embeddable":true,"href":"https:\/\/terapiassandalo.com\/index.php?rest_route=%2Fwp%2Fv2%2Fproduct_cat&post=2269"},{"taxonomy":"product_tag","embeddable":true,"href":"https:\/\/terapiassandalo.com\/index.php?rest_route=%2Fwp%2Fv2%2Fproduct_tag&post=2269"},{"taxonomy":"giftcard-category","embeddable":true,"href":"https:\/\/terapiassandalo.com\/index.php?rest_route=%2Fwp%2Fv2%2Fgiftcard-category&post=2269"}],"curies":[{"name":"wp","href":"https:\/\/api.w.org\/{rel}","templated":true}]}}