{"id":2235,"date":"2021-11-11T12:47:04","date_gmt":"2021-11-11T11:47:04","guid":{"rendered":"https:\/\/terapiassandalo.com\/?post_type=product&#038;p=2235"},"modified":"2021-11-11T12:47:04","modified_gmt":"2021-11-11T11:47:04","slug":"masaje-a-cuatro-manos-2","status":"publish","type":"product","link":"https:\/\/terapiassandalo.com\/?product=masaje-a-cuatro-manos-2","title":{"rendered":"Masaje a Cuatro Manos"},"content":{"rendered":"<div class=\"wpb_text_column wpb_content_element \">\n<div class=\"wpb_wrapper\">\n<div>\n<div>Intensidad m\u00e1xima en el masaje a 4 manos. Mezcla de aceites relajantes, y cremas espec\u00edficas para pies y piernas; relajante muscular para zonas contracturadas. La mejor opci\u00f3n anti-estr\u00e9s.<\/div>\n<div>Zonas: piernas, pies, espalda, cuello\/cabeza\/cara<\/div>\n<\/div>\n<\/div>\n<\/div>\n<div class=\"wpb_text_column wpb_content_element  vc_custom_1543678153456\">\n<div class=\"wpb_wrapper\"><\/div>\n<\/div>\n","protected":false},"excerpt":{"rendered":"<p>Intensidad m\u00e1xima en el masaje a 4 manos. Mezcla de aceites relajantes, y cremas espec\u00edficas para pies y piernas; relajante muscular para zonas contracturadas. La mejor opci\u00f3n anti-estr\u00e9s. Zonas: piernas, pies, espalda, cuello\/cabeza\/cara<\/p>\n","protected":false},"featured_media":2236,"template":"","meta":{"_joinchat":[]},"product_cat":[39],"product_tag":[],"giftcard-category":[],"class_list":{"0":"post-2235","1":"product","2":"type-product","3":"status-publish","4":"has-post-thumbnail","6":"product_cat-terapias-nuevas","7":"description-off","9":"first","10":"instock","11":"shipping-taxable","12":"purchasable","13":"product-type-simple"},"_links":{"self":[{"href":"https:\/\/terapiassandalo.com\/index.php?rest_route=\/wp\/v2\/product\/2235"}],"collection":[{"href":"https:\/\/terapiassandalo.com\/index.php?rest_route=\/wp\/v2\/product"}],"about":[{"href":"https:\/\/terapiassandalo.com\/index.php?rest_route=\/wp\/v2\/types\/product"}],"wp:featuredmedia":[{"embeddable":true,"href":"https:\/\/terapiassandalo.com\/index.php?rest_route=\/wp\/v2\/media\/2236"}],"wp:attachment":[{"href":"https:\/\/terapiassandalo.com\/index.php?rest_route=%2Fwp%2Fv2%2Fmedia&parent=2235"}],"wp:term":[{"taxonomy":"product_cat","embeddable":true,"href":"https:\/\/terapiassandalo.com\/index.php?rest_route=%2Fwp%2Fv2%2Fproduct_cat&post=2235"},{"taxonomy":"product_tag","embeddable":true,"href":"https:\/\/terapiassandalo.com\/index.php?rest_route=%2Fwp%2Fv2%2Fproduct_tag&post=2235"},{"taxonomy":"giftcard-category","embeddable":true,"href":"https:\/\/terapiassandalo.com\/index.php?rest_route=%2Fwp%2Fv2%2Fgiftcard-category&post=2235"}],"curies":[{"name":"wp","href":"https:\/\/api.w.org\/{rel}","templated":true}]}}