{"id":2215,"date":"2021-11-11T12:07:58","date_gmt":"2021-11-11T11:07:58","guid":{"rendered":"https:\/\/terapiassandalo.com\/?post_type=product&#038;p=2215"},"modified":"2024-09-11T07:10:33","modified_gmt":"2024-09-11T05:10:33","slug":"terapia-antiestres","status":"publish","type":"product","link":"https:\/\/terapiassandalo.com\/?product=terapia-antiestres","title":{"rendered":"Terapia Antiestr\u00e9s"},"content":{"rendered":"<div id=\"ultimate-heading-4343618cf922bd892\" class=\"uvc-heading ult-adjust-bottom-margin ultimate-heading-4343618cf922bd892 uvc-1825 color-title accent-title-color\" data-hspacer=\"no_spacer\" data-halign=\"left\">\n<div class=\"uvc-main-heading ult-responsive\" data-ultimate-target=\".uvc-heading.ultimate-heading-4343618cf922bd892 h2\" data-responsive-json-new=\"{&quot;font-size&quot;:&quot;desktop:20px;&quot;,&quot;line-height&quot;:&quot;desktop:30px;&quot;}\">\n<h2>Terapia Antiestr\u00e9s<\/h2>\n<\/div>\n<\/div>\n<div class=\"wpb_text_column wpb_content_element \">\n<div class=\"wpb_wrapper\">\n<div>Terapia manual para la relajaci\u00f3n y alivio de la tensi\u00f3n muscular, producida por el estr\u00e9s y malos h\u00e1bitos posturales. Aceites de aloe, romero, \u00e1rbol del t\u00e9 y almendras. Hidrataci\u00f3n facial: b\u00e1lsamo reparador con vitamina C \/ hidratante masculina con aloe. Zonas: piernas, pies, espalda, cuello\/cabeza\/cara.<\/div>\n<\/div>\n<\/div>\n<div class=\"wpb_text_column wpb_content_element vc_custom_1636627818367\">\n<div class=\"wpb_wrapper\">\n<p class=\"paint-accent-color\">LA SESI\u00d3N DURA 50 MINUTOS<\/p>\n<\/div>\n<\/div>\n","protected":false},"excerpt":{"rendered":"<p>Terapia Antiestr\u00e9s Terapia manual para la relajaci\u00f3n y alivio de la tensi\u00f3n muscular, producida por el estr\u00e9s y malos h\u00e1bitos posturales. Aceites de aloe, romero, \u00e1rbol del t\u00e9 y almendras. Hidrataci\u00f3n facial: b\u00e1lsamo reparador con vitamina C \/ hidratante masculina con aloe. Zonas: piernas, pies, espalda, cuello\/cabeza\/cara. LA SESI\u00d3N DURA 50 MINUTOS<\/p>\n","protected":false},"featured_media":2216,"template":"","meta":{"_joinchat":[]},"product_cat":[39],"product_tag":[],"giftcard-category":[],"class_list":{"0":"post-2215","1":"product","2":"type-product","3":"status-publish","4":"has-post-thumbnail","6":"product_cat-terapias-nuevas","7":"description-off","9":"first","10":"instock","11":"shipping-taxable","12":"purchasable","13":"product-type-variable"},"_links":{"self":[{"href":"https:\/\/terapiassandalo.com\/index.php?rest_route=\/wp\/v2\/product\/2215"}],"collection":[{"href":"https:\/\/terapiassandalo.com\/index.php?rest_route=\/wp\/v2\/product"}],"about":[{"href":"https:\/\/terapiassandalo.com\/index.php?rest_route=\/wp\/v2\/types\/product"}],"wp:featuredmedia":[{"embeddable":true,"href":"https:\/\/terapiassandalo.com\/index.php?rest_route=\/wp\/v2\/media\/2216"}],"wp:attachment":[{"href":"https:\/\/terapiassandalo.com\/index.php?rest_route=%2Fwp%2Fv2%2Fmedia&parent=2215"}],"wp:term":[{"taxonomy":"product_cat","embeddable":true,"href":"https:\/\/terapiassandalo.com\/index.php?rest_route=%2Fwp%2Fv2%2Fproduct_cat&post=2215"},{"taxonomy":"product_tag","embeddable":true,"href":"https:\/\/terapiassandalo.com\/index.php?rest_route=%2Fwp%2Fv2%2Fproduct_tag&post=2215"},{"taxonomy":"giftcard-category","embeddable":true,"href":"https:\/\/terapiassandalo.com\/index.php?rest_route=%2Fwp%2Fv2%2Fgiftcard-category&post=2215"}],"curies":[{"name":"wp","href":"https:\/\/api.w.org\/{rel}","templated":true}]}}