{"id":2153,"date":"2021-02-01T19:00:06","date_gmt":"2021-02-01T18:00:06","guid":{"rendered":"https:\/\/terapiassandalo.com\/?post_type=product&#038;p=2153"},"modified":"2025-02-03T14:23:20","modified_gmt":"2025-02-03T13:23:20","slug":"especial-san-valentin-2021","status":"publish","type":"product","link":"https:\/\/terapiassandalo.com\/?product=especial-san-valentin-2021","title":{"rendered":"Especial San Valent\u00edn 2025"},"content":{"rendered":"","protected":false},"excerpt":{"rendered":"<p>Lleg\u00f3 la \u00e9poca m\u00e1s rom\u00e1ntica del a\u00f1o, ya est\u00e1 aqu\u00ed San Valent\u00edn. Disfruta en S\u00e1ndalo con tu pareja de una experiencia rom\u00e1ntica e inolvidable. Este San Valent\u00edn regala S\u00e1ndalo.<\/p>\n<p>55 minutos.<\/p>\n","protected":false},"featured_media":2155,"template":"","meta":{"_joinchat":[]},"product_cat":[15],"product_tag":[],"giftcard-category":[],"class_list":{"0":"post-2153","1":"product","2":"type-product","3":"status-publish","4":"has-post-thumbnail","6":"product_cat-sin-categoria","7":"description-off","9":"first","10":"instock","11":"virtual","12":"purchasable","13":"product-type-simple"},"_links":{"self":[{"href":"https:\/\/terapiassandalo.com\/index.php?rest_route=\/wp\/v2\/product\/2153"}],"collection":[{"href":"https:\/\/terapiassandalo.com\/index.php?rest_route=\/wp\/v2\/product"}],"about":[{"href":"https:\/\/terapiassandalo.com\/index.php?rest_route=\/wp\/v2\/types\/product"}],"wp:featuredmedia":[{"embeddable":true,"href":"https:\/\/terapiassandalo.com\/index.php?rest_route=\/wp\/v2\/media\/2155"}],"wp:attachment":[{"href":"https:\/\/terapiassandalo.com\/index.php?rest_route=%2Fwp%2Fv2%2Fmedia&parent=2153"}],"wp:term":[{"taxonomy":"product_cat","embeddable":true,"href":"https:\/\/terapiassandalo.com\/index.php?rest_route=%2Fwp%2Fv2%2Fproduct_cat&post=2153"},{"taxonomy":"product_tag","embeddable":true,"href":"https:\/\/terapiassandalo.com\/index.php?rest_route=%2Fwp%2Fv2%2Fproduct_tag&post=2153"},{"taxonomy":"giftcard-category","embeddable":true,"href":"https:\/\/terapiassandalo.com\/index.php?rest_route=%2Fwp%2Fv2%2Fgiftcard-category&post=2153"}],"curies":[{"name":"wp","href":"https:\/\/api.w.org\/{rel}","templated":true}]}}