{"id":1864,"date":"2019-01-02T14:22:34","date_gmt":"2019-01-02T13:22:34","guid":{"rendered":"https:\/\/terapiassandalo.com\/?post_type=product&#038;p=1864"},"modified":"2025-12-29T18:41:04","modified_gmt":"2025-12-29T17:41:04","slug":"especial-parejas","status":"publish","type":"product","link":"https:\/\/terapiassandalo.com\/?product=especial-parejas","title":{"rendered":"Especial Parejas"},"content":{"rendered":"<p><img loading=\"lazy\" decoding=\"async\" class=\"alignnone wp-image-2536 size-large\" src=\"https:\/\/terapiassandalo.com\/wp-content\/uploads\/2023\/09\/Imagen-de-WhatsApp-2023-08-22-a-las-18.26.23-1024x683.jpg\" alt=\"\" width=\"1024\" height=\"683\" srcset=\"https:\/\/terapiassandalo.com\/wp-content\/uploads\/2023\/09\/Imagen-de-WhatsApp-2023-08-22-a-las-18.26.23-1024x683.jpg 1024w, https:\/\/terapiassandalo.com\/wp-content\/uploads\/2023\/09\/Imagen-de-WhatsApp-2023-08-22-a-las-18.26.23-300x200.jpg 300w, https:\/\/terapiassandalo.com\/wp-content\/uploads\/2023\/09\/Imagen-de-WhatsApp-2023-08-22-a-las-18.26.23-768x512.jpg 768w, https:\/\/terapiassandalo.com\/wp-content\/uploads\/2023\/09\/Imagen-de-WhatsApp-2023-08-22-a-las-18.26.23-1536x1024.jpg 1536w, https:\/\/terapiassandalo.com\/wp-content\/uploads\/2023\/09\/Imagen-de-WhatsApp-2023-08-22-a-las-18.26.23-600x400.jpg 600w, https:\/\/terapiassandalo.com\/wp-content\/uploads\/2023\/09\/Imagen-de-WhatsApp-2023-08-22-a-las-18.26.23.jpg 2048w\" sizes=\"(max-width: 1024px) 100vw, 1024px\" \/><\/p>\n","protected":false},"excerpt":{"rendered":"<div style=\"text-align: justify;\">S\u00e1ndalo te ofrece un ritual especialmente ideado para conseguir el m\u00e1ximo bienestar en pareja. Masaje con aceite de almendras, aloe y romero para piernas; hidratante efecto fr\u00edo para el masaje podal; la fragancia de las velas de masaje con lavanda, en espalda y brazos.<\/div>\n<div style=\"text-align: justify;\"><\/div>\n<div style=\"text-align: justify;\">Relajante muscular en cuello y cervicales. Masaje craneal y facial. Aplicaci\u00f3n de hidrataci\u00f3n facial espec\u00edfica. Hidrataci\u00f3n con Jojoba. El masaje m\u00e1s completo para una ocasi\u00f3n especial.<\/div>\n<div><\/div>\n","protected":false},"featured_media":2537,"template":"","meta":{"_joinchat":[]},"product_cat":[37],"product_tag":[],"giftcard-category":[],"class_list":{"0":"post-1864","1":"product","2":"type-product","3":"status-publish","4":"has-post-thumbnail","6":"product_cat-rituales","7":"description-off","9":"first","10":"instock","11":"shipping-taxable","12":"purchasable","13":"product-type-variable"},"_links":{"self":[{"href":"https:\/\/terapiassandalo.com\/index.php?rest_route=\/wp\/v2\/product\/1864"}],"collection":[{"href":"https:\/\/terapiassandalo.com\/index.php?rest_route=\/wp\/v2\/product"}],"about":[{"href":"https:\/\/terapiassandalo.com\/index.php?rest_route=\/wp\/v2\/types\/product"}],"wp:featuredmedia":[{"embeddable":true,"href":"https:\/\/terapiassandalo.com\/index.php?rest_route=\/wp\/v2\/media\/2537"}],"wp:attachment":[{"href":"https:\/\/terapiassandalo.com\/index.php?rest_route=%2Fwp%2Fv2%2Fmedia&parent=1864"}],"wp:term":[{"taxonomy":"product_cat","embeddable":true,"href":"https:\/\/terapiassandalo.com\/index.php?rest_route=%2Fwp%2Fv2%2Fproduct_cat&post=1864"},{"taxonomy":"product_tag","embeddable":true,"href":"https:\/\/terapiassandalo.com\/index.php?rest_route=%2Fwp%2Fv2%2Fproduct_tag&post=1864"},{"taxonomy":"giftcard-category","embeddable":true,"href":"https:\/\/terapiassandalo.com\/index.php?rest_route=%2Fwp%2Fv2%2Fgiftcard-category&post=1864"}],"curies":[{"name":"wp","href":"https:\/\/api.w.org\/{rel}","templated":true}]}}