{"id":1862,"date":"2019-01-02T14:01:00","date_gmt":"2019-01-02T13:01:00","guid":{"rendered":"https:\/\/terapiassandalo.com\/?post_type=product&#038;p=1862"},"modified":"2022-12-15T18:56:27","modified_gmt":"2022-12-15T17:56:27","slug":"ritual-de-pareja-especial-aniversario","status":"publish","type":"product","link":"https:\/\/terapiassandalo.com\/?product=ritual-de-pareja-especial-aniversario","title":{"rendered":"Ritual de pareja especial aniversario"},"content":{"rendered":"","protected":false},"excerpt":{"rendered":"<p>Sorprender\u00e1s a tu pareja en un d\u00eda especial. S\u00e1ndalo os ofrece un masaje con aromaterapia relajante que incluye:<\/p>\n<div>Romero y menta para piernas,\u00a0crema hidratante y calmante para la reflexolog\u00eda podal, lavanda para la espalda y brazos, acompa\u00f1ado de un b\u00e1lsamo natural como relajante muscular para la zona cervical. Masaje craneal e hidrataci\u00f3n facial con aceite arom\u00e1tico de s\u00e1ndalo para ella y aloe para \u00e9l. Terminareis en la m\u00e1xima relajaci\u00f3n brindando con una copa de champan.<\/div>\n<div><\/div>\n<div><strong><span style=\"font-size: 14pt;\">Duraci\u00f3n: 75 minutos<\/span><\/strong><\/div>\n","protected":false},"featured_media":2432,"template":"","meta":{"_joinchat":[]},"product_cat":[37],"product_tag":[],"giftcard-category":[],"class_list":{"0":"post-1862","1":"product","2":"type-product","3":"status-publish","4":"has-post-thumbnail","6":"product_cat-rituales","7":"description-off","9":"first","10":"instock","11":"shipping-taxable","12":"purchasable","13":"product-type-simple"},"_links":{"self":[{"href":"https:\/\/terapiassandalo.com\/index.php?rest_route=\/wp\/v2\/product\/1862"}],"collection":[{"href":"https:\/\/terapiassandalo.com\/index.php?rest_route=\/wp\/v2\/product"}],"about":[{"href":"https:\/\/terapiassandalo.com\/index.php?rest_route=\/wp\/v2\/types\/product"}],"wp:featuredmedia":[{"embeddable":true,"href":"https:\/\/terapiassandalo.com\/index.php?rest_route=\/wp\/v2\/media\/2432"}],"wp:attachment":[{"href":"https:\/\/terapiassandalo.com\/index.php?rest_route=%2Fwp%2Fv2%2Fmedia&parent=1862"}],"wp:term":[{"taxonomy":"product_cat","embeddable":true,"href":"https:\/\/terapiassandalo.com\/index.php?rest_route=%2Fwp%2Fv2%2Fproduct_cat&post=1862"},{"taxonomy":"product_tag","embeddable":true,"href":"https:\/\/terapiassandalo.com\/index.php?rest_route=%2Fwp%2Fv2%2Fproduct_tag&post=1862"},{"taxonomy":"giftcard-category","embeddable":true,"href":"https:\/\/terapiassandalo.com\/index.php?rest_route=%2Fwp%2Fv2%2Fgiftcard-category&post=1862"}],"curies":[{"name":"wp","href":"https:\/\/api.w.org\/{rel}","templated":true}]}}