{"id":2758,"date":"2024-10-18T20:01:41","date_gmt":"2024-10-18T18:01:41","guid":{"rendered":"https:\/\/terapiassandalo.com\/?page_id=2758"},"modified":"2024-11-13T15:29:24","modified_gmt":"2024-11-13T14:29:24","slug":"acupuntura","status":"publish","type":"page","link":"https:\/\/terapiassandalo.com\/?page_id=2758","title":{"rendered":"Acupuntura"},"content":{"rendered":"<div class=\"wpb-content-wrapper\"><p>[vc_row][vc_column width=\u00bb1\/4&#8243;][\/vc_column][vc_column width=\u00bb1\/2&#8243;][vc_single_image image=\u00bb2743&#8243; img_size=\u00bbfull\u00bb css=\u00bb\u00bb]<div id=\"ultimate-heading-98646a045e7724531\" class=\"uvc-heading ult-adjust-bottom-margin ultimate-heading-98646a045e7724531 uvc-4735 color-title accent-title-color\" data-hspacer=\"no_spacer\"  data-halign=\"center\" style=\"text-align:center\"><div class=\"uvc-heading-spacer no_spacer\" style=\"top\"><\/div><div class=\"uvc-main-heading ult-responsive\"  data-ultimate-target='.uvc-heading.ultimate-heading-98646a045e7724531 h2'  data-responsive-json-new='{\"font-size\":\"desktop:20px;\",\"line-height\":\"\"}' ><h2 style=\"font-style:italic;font-weight:bold;margin-bottom:5px;\">Servicio de<\/h2><\/div><div class=\"uvc-sub-heading ult-responsive\"  data-ultimate-target='.uvc-heading.ultimate-heading-98646a045e7724531 .uvc-sub-heading '  data-responsive-json-new='{\"font-size\":\"desktop:26px;\",\"line-height\":\"\"}'  style=\"font-style:italic;font-weight:bold;margin-bottom:30px;\"><span style=\"font-size: medium;\"><b>ACUPUNTURA<\/b><\/span><\/div><\/div>[vc_column_text css=\u00bb\u00bb]<b>T\u00e9cnica que consiste en introducir agujas finas en puntos espec\u00edficos de la piel del cuerpo para controlar el dolor y otros s\u00edntomas<\/b>.[\/vc_column_text][vc_column_text css=\u00bb.vc_custom_1731508161796{border-bottom-width: 1px !important;padding-bottom: 10px !important;border-bottom-style: solid !important;border-color: #e8e8e8 !important;}\u00bb]<\/p>\n<p class=\"paint-accent-color\" style=\"text-align: right; margin-bottom: -28px;\"><span style=\"font-size: 18pt;\"><strong>30 \u20ac<\/strong><\/span><\/p>\n<p class=\"color-title\" style=\"text-align: left; padding-right: 50px;\"><span style=\"font-size: 18pt;\"><strong><em>1 SESI\u00d3N ACUPUNTURA<\/em><\/strong><\/span><\/p>\n<p>&nbsp;<\/p>\n<p class=\"paint-accent-color\" style=\"text-align: right; margin-bottom: -28px;\"><span style=\"font-size: 18pt;\"><strong>120 \u20ac<\/strong><\/span><\/p>\n<p class=\"color-title\" style=\"text-align: left; padding-right: 50px;\"><span style=\"font-size: 18pt;\"><strong><em>BONO 5 SESIONES ANTITABACO<\/em><\/strong><\/span><\/p>\n<p>[\/vc_column_text]<style type=\"text\/css\" data-type=\"the7_shortcodes-inline-css\">#default-btn-45ea2fb66beea908167a595d2e4e3332.ico-right-side > i {\n  margin-right: 0px;\n  margin-left: 8px;\n}\n#default-btn-45ea2fb66beea908167a595d2e4e3332 > i {\n  margin-right: 8px;\n}\n#default-btn-45ea2fb66beea908167a595d2e4e3332 * {\n  vertical-align: middle;\n}\n<\/style><div class=\"btn-align-center\"><a href=\"https:\/\/terapiassandalo.com\/?product=acupuntura\" class=\"default-btn-shortcode dt-btn dt-btn-l link-hover-off  vc_custom_1729274637248\" id=\"default-btn-45ea2fb66beea908167a595d2e4e3332\"><span>Comprar<\/span><\/a><\/div>[\/vc_column][vc_column width=\u00bb1\/4&#8243;][\/vc_column][\/vc_row][vc_row][vc_column][vc_empty_space][\/vc_column][\/vc_row][vc_row][vc_column][\/vc_column][\/vc_row]<\/p>\n<\/div>","protected":false},"excerpt":{"rendered":"<p>[vc_row][vc_column width=\u00bb1\/4&#8243;][\/vc_column][vc_column width=\u00bb1\/2&#8243;][vc_single_image image=\u00bb2743&#8243; img_size=\u00bbfull\u00bb css=\u00bb\u00bb][vc_column_text css=\u00bb\u00bb]T\u00e9cnica que consiste en introducir agujas finas en puntos espec\u00edficos de la piel del cuerpo para controlar el dolor y otros s\u00edntomas.[\/vc_column_text][vc_column_text css=\u00bb.vc_custom_1731508161796{border-bottom-width: 1px !important;padding-bottom: 10px !important;border-bottom-style: solid !important;border-color: #e8e8e8 !important;}\u00bb] 30 \u20ac 1 SESI\u00d3N ACUPUNTURA &nbsp; 120 \u20ac BONO 5 SESIONES ANTITABACO [\/vc_column_text][\/vc_column][vc_column width=\u00bb1\/4&#8243;][\/vc_column][\/vc_row][vc_row][vc_column][vc_empty_space][\/vc_column][\/vc_row][vc_row][vc_column][\/vc_column][\/vc_row]<\/p>\n","protected":false},"author":2,"featured_media":0,"parent":0,"menu_order":0,"comment_status":"closed","ping_status":"closed","template":"","meta":{"_joinchat":[]},"class_list":["post-2758","page","type-page","status-publish","hentry","description-off"],"_links":{"self":[{"href":"https:\/\/terapiassandalo.com\/index.php?rest_route=\/wp\/v2\/pages\/2758"}],"collection":[{"href":"https:\/\/terapiassandalo.com\/index.php?rest_route=\/wp\/v2\/pages"}],"about":[{"href":"https:\/\/terapiassandalo.com\/index.php?rest_route=\/wp\/v2\/types\/page"}],"author":[{"embeddable":true,"href":"https:\/\/terapiassandalo.com\/index.php?rest_route=\/wp\/v2\/users\/2"}],"replies":[{"embeddable":true,"href":"https:\/\/terapiassandalo.com\/index.php?rest_route=%2Fwp%2Fv2%2Fcomments&post=2758"}],"version-history":[{"count":5,"href":"https:\/\/terapiassandalo.com\/index.php?rest_route=\/wp\/v2\/pages\/2758\/revisions"}],"predecessor-version":[{"id":2821,"href":"https:\/\/terapiassandalo.com\/index.php?rest_route=\/wp\/v2\/pages\/2758\/revisions\/2821"}],"wp:attachment":[{"href":"https:\/\/terapiassandalo.com\/index.php?rest_route=%2Fwp%2Fv2%2Fmedia&parent=2758"}],"curies":[{"name":"wp","href":"https:\/\/api.w.org\/{rel}","templated":true}]}}