{"id":2434,"date":"2022-12-15T19:01:19","date_gmt":"2022-12-15T18:01:19","guid":{"rendered":"https:\/\/terapiassandalo.com\/?page_id=2434"},"modified":"2023-02-03T22:30:09","modified_gmt":"2023-02-03T21:30:09","slug":"rituales-2","status":"publish","type":"page","link":"https:\/\/terapiassandalo.com\/?page_id=2434","title":{"rendered":"RESERVAR ESPECIAL PAREJA SAN VALENT\u00cdN"},"content":{"rendered":"<div class=\"wpb-content-wrapper\"><p>[vc_row][vc_column][vc_single_image image=\u00bb2479&#8243; img_size=\u00bbfull\u00bb][\/vc_column][\/vc_row][vc_row][vc_column][vc_column_text]Lleg\u00f3 la \u00e9poca m\u00e1s rom\u00e1ntica del a\u00f1o, ya est\u00e1 aqu\u00ed San Valent\u00edn. Disfruta en S\u00e1ndalo con tu pareja de una experiencia rom\u00e1ntica e inolvidable. Este San Valent\u00edn regala S\u00e1ndalo.[\/vc_column_text][\/vc_column][\/vc_row][vc_row][vc_column][vc_raw_html]JTVCYW1lbGlhZXZlbnRzJTVEJTIw[\/vc_raw_html][\/vc_column][\/vc_row]<\/p>\n<\/div>","protected":false},"excerpt":{"rendered":"<p>[vc_row][vc_column][vc_single_image image=\u00bb2479&#8243; img_size=\u00bbfull\u00bb][\/vc_column][\/vc_row][vc_row][vc_column][vc_column_text]Lleg\u00f3 la \u00e9poca m\u00e1s rom\u00e1ntica del a\u00f1o, ya est\u00e1 aqu\u00ed San Valent\u00edn. Disfruta en S\u00e1ndalo con tu pareja de una experiencia rom\u00e1ntica e inolvidable. Este San Valent\u00edn regala S\u00e1ndalo.[\/vc_column_text][\/vc_column][\/vc_row][vc_row][vc_column][vc_raw_html]JTVCYW1lbGlhZXZlbnRzJTVEJTIw[\/vc_raw_html][\/vc_column][\/vc_row]<\/p>\n","protected":false},"author":2,"featured_media":0,"parent":0,"menu_order":0,"comment_status":"closed","ping_status":"closed","template":"","meta":{"_joinchat":[]},"class_list":["post-2434","page","type-page","status-publish","hentry","description-off"],"_links":{"self":[{"href":"https:\/\/terapiassandalo.com\/index.php?rest_route=\/wp\/v2\/pages\/2434"}],"collection":[{"href":"https:\/\/terapiassandalo.com\/index.php?rest_route=\/wp\/v2\/pages"}],"about":[{"href":"https:\/\/terapiassandalo.com\/index.php?rest_route=\/wp\/v2\/types\/page"}],"author":[{"embeddable":true,"href":"https:\/\/terapiassandalo.com\/index.php?rest_route=\/wp\/v2\/users\/2"}],"replies":[{"embeddable":true,"href":"https:\/\/terapiassandalo.com\/index.php?rest_route=%2Fwp%2Fv2%2Fcomments&post=2434"}],"version-history":[{"count":9,"href":"https:\/\/terapiassandalo.com\/index.php?rest_route=\/wp\/v2\/pages\/2434\/revisions"}],"predecessor-version":[{"id":2480,"href":"https:\/\/terapiassandalo.com\/index.php?rest_route=\/wp\/v2\/pages\/2434\/revisions\/2480"}],"wp:attachment":[{"href":"https:\/\/terapiassandalo.com\/index.php?rest_route=%2Fwp%2Fv2%2Fmedia&parent=2434"}],"curies":[{"name":"wp","href":"https:\/\/api.w.org\/{rel}","templated":true}]}}