{"id":1741,"date":"2018-12-16T20:00:31","date_gmt":"2018-12-16T19:00:31","guid":{"rendered":"https:\/\/terapiassandalo.com\/?page_id=1741"},"modified":"2023-09-12T11:34:20","modified_gmt":"2023-09-12T09:34:20","slug":"rituales","status":"publish","type":"page","link":"https:\/\/terapiassandalo.com\/?page_id=1741","title":{"rendered":"Rituales"},"content":{"rendered":"<div class=\"wpb-content-wrapper\"><p>[vc_row][vc_column width=\u00bb1\/4&#8243;][\/vc_column][vc_column width=\u00bb1\/2&#8243;][vc_single_image image=\u00bb2531&#8243; img_size=\u00bbfull\u00bb]<div id=\"ultimate-heading-1936a045d779a0e5\" class=\"uvc-heading ult-adjust-bottom-margin ultimate-heading-1936a045d779a0e5 uvc-2356 color-title accent-title-color\" data-hspacer=\"no_spacer\"  data-halign=\"center\" style=\"text-align:center\"><div class=\"uvc-heading-spacer no_spacer\" style=\"top\"><\/div><div class=\"uvc-main-heading ult-responsive\"  data-ultimate-target='.uvc-heading.ultimate-heading-1936a045d779a0e5 h2'  data-responsive-json-new='{\"font-size\":\"desktop:20px;\",\"line-height\":\"\"}' ><h2 style=\"font-style:italic;font-weight:bold;margin-bottom:5px;\">Ritual<\/h2><\/div><div class=\"uvc-sub-heading ult-responsive\"  data-ultimate-target='.uvc-heading.ultimate-heading-1936a045d779a0e5 .uvc-sub-heading '  data-responsive-json-new='{\"font-size\":\"desktop:26px;\",\"line-height\":\"\"}'  style=\"font-style:italic;font-weight:bold;margin-bottom:30px;\"><span style=\"font-size: medium;\"><b>RITUAL ESPECIAL EMBARAZADAS<\/b><\/span><\/div><\/div>[vc_column_text]Masaje a elegir entre drenante de piernas o relajante espalda y cuello<\/p>\n<p>+ reflexolog\u00eda podal[\/vc_column_text][vc_column_text css=\u00bb.vc_custom_1637343705024{border-bottom-width: 1px !important;padding-bottom: 10px !important;border-bottom-color: #e8e8e8 !important;border-bottom-style: solid !important;}\u00bb]<\/p>\n<p class=\"paint-accent-color\" style=\"text-align: right; margin-bottom: -28px;\"><span style=\"font-size: 18pt;\"><strong>35 \u20ac<\/strong><\/span><\/p>\n<p class=\"color-title\" style=\"text-align: left; padding-right: 50px;\"><span style=\"font-size: 18pt;\"><strong><em>70 minutos<\/em><\/strong><\/span><\/p>\n<p>[\/vc_column_text]<style type=\"text\/css\" data-type=\"the7_shortcodes-inline-css\">#default-btn-de7ca786f555220363237a3f1c3b0c04.ico-right-side > i {\n  margin-right: 0px;\n  margin-left: 8px;\n}\n#default-btn-de7ca786f555220363237a3f1c3b0c04 > i {\n  margin-right: 8px;\n}\n#default-btn-de7ca786f555220363237a3f1c3b0c04 * {\n  vertical-align: middle;\n}\n<\/style><div class=\"btn-align-center\"><a href=\"https:\/\/terapiassandalo.com\/?product=ritual-especial-embarazadas\" class=\"default-btn-shortcode dt-btn dt-btn-l link-hover-off  vc_custom_1637346124496\" id=\"default-btn-de7ca786f555220363237a3f1c3b0c04\"><span>Comprar<\/span><\/a><\/div>[vc_single_image image=\u00bb2432&#8243; img_size=\u00bbfull\u00bb]<div id=\"ultimate-heading-90296a045d779a65e\" class=\"uvc-heading ult-adjust-bottom-margin ultimate-heading-90296a045d779a65e uvc-6178 color-title accent-title-color\" data-hspacer=\"no_spacer\"  data-halign=\"center\" style=\"text-align:center\"><div class=\"uvc-heading-spacer no_spacer\" style=\"top\"><\/div><div class=\"uvc-main-heading ult-responsive\"  data-ultimate-target='.uvc-heading.ultimate-heading-90296a045d779a65e h2'  data-responsive-json-new='{\"font-size\":\"desktop:20px;\",\"line-height\":\"\"}' ><h2 style=\"font-style:italic;font-weight:bold;margin-bottom:5px;\">Ritual<\/h2><\/div><div class=\"uvc-sub-heading ult-responsive\"  data-ultimate-target='.uvc-heading.ultimate-heading-90296a045d779a65e .uvc-sub-heading '  data-responsive-json-new='{\"font-size\":\"desktop:26px;\",\"line-height\":\"\"}'  style=\"font-style:italic;font-weight:bold;margin-bottom:30px;\">de pareja especial aniversario<\/div><\/div>[vc_column_text]<\/p>\n<p style=\"text-align: justify;\">Sorprender\u00e1s a tu pareja en un d\u00eda especial. S\u00e1ndalo os ofrece un masaje con aromaterapia relajante que incluye:<\/p>\n<div style=\"text-align: justify;\">Romero y menta para piernas,\u00a0crema hidratante y calmante para la reflexolog\u00eda podal, lavanda para la espalda y brazos, acompa\u00f1ado de un b\u00e1lsamo natural como relajante muscular para la zona cervical. Masaje craneal e hidrataci\u00f3n facial con aceite arom\u00e1tico de s\u00e1ndalo para ella y aloe para \u00e9l. Terminareis en la m\u00e1xima relajaci\u00f3n brindando con una copa de champan.<\/div>\n<p>[\/vc_column_text][vc_column_text css=\u00bb.vc_custom_1544986747195{border-bottom-width: 1px !important;padding-bottom: 10px !important;border-bottom-color: #e8e8e8 !important;border-bottom-style: solid !important;}\u00bb]<\/p>\n<p class=\"paint-accent-color\" style=\"text-align: right; margin-bottom: -28px;\"><span style=\"font-size: 18pt;\"><strong>70 \u20ac<\/strong><\/span><\/p>\n<p class=\"color-title\" style=\"text-align: left; padding-right: 50px;\"><span style=\"font-size: 18pt;\"><strong><em>75 minutos<\/em><\/strong><\/span><\/p>\n<p>[\/vc_column_text]<style type=\"text\/css\" data-type=\"the7_shortcodes-inline-css\">#default-btn-e6afb775cfa39f953f2c3c846ed3ca72.ico-right-side > i {\n  margin-right: 0px;\n  margin-left: 8px;\n}\n#default-btn-e6afb775cfa39f953f2c3c846ed3ca72 > i {\n  margin-right: 8px;\n}\n#default-btn-e6afb775cfa39f953f2c3c846ed3ca72 * {\n  vertical-align: middle;\n}\n<\/style><div class=\"btn-align-center\"><a href=\"https:\/\/terapiassandalo.com\/?product=ritual-de-pareja-especial-aniversario\" class=\"default-btn-shortcode dt-btn dt-btn-l link-hover-off \" id=\"default-btn-e6afb775cfa39f953f2c3c846ed3ca72\"><span>Comprar<\/span><\/a><\/div>[vc_empty_space height=\u00bb62px\u00bb][vc_single_image image=\u00bb2537&#8243; img_size=\u00bbfull\u00bb]<div id=\"ultimate-heading-60026a045d779a7cc\" class=\"uvc-heading ult-adjust-bottom-margin ultimate-heading-60026a045d779a7cc uvc-9296 color-title accent-title-color\" data-hspacer=\"no_spacer\"  data-halign=\"center\" style=\"text-align:center\"><div class=\"uvc-heading-spacer no_spacer\" style=\"top\"><\/div><div class=\"uvc-main-heading ult-responsive\"  data-ultimate-target='.uvc-heading.ultimate-heading-60026a045d779a7cc h2'  data-responsive-json-new='{\"font-size\":\"desktop:20px;\",\"line-height\":\"\"}' ><h2 style=\"font-style:italic;font-weight:bold;margin-bottom:5px;\">Especial<\/h2><\/div><div class=\"uvc-sub-heading ult-responsive\"  data-ultimate-target='.uvc-heading.ultimate-heading-60026a045d779a7cc .uvc-sub-heading '  data-responsive-json-new='{\"font-size\":\"desktop:26px;\",\"line-height\":\"\"}'  style=\"font-style:italic;font-weight:bold;margin-bottom:30px;\">Parejas<\/div><\/div>[vc_column_text]<\/p>\n<div style=\"text-align: justify;\">S\u00e1ndalo te ofrece un ritual especialmente ideado para conseguir el m\u00e1ximo bienestar en pareja. Masaje con aceite de almendras, aloe y romero para piernas; hidratante efecto fr\u00edo para el masaje podal; la fragancia de las velas de masaje con lavanda, en espalda y brazos.<\/div>\n<div style=\"text-align: justify;\"><\/div>\n<div style=\"text-align: justify;\">Relajante muscular en cuello y cervicales. Masaje craneal y facial. Aplicaci\u00f3n de hidrataci\u00f3n facial espec\u00edfica. Hidrataci\u00f3n con Jojoba. El masaje m\u00e1s completo para una ocasi\u00f3n especial.<\/div>\n<p>[\/vc_column_text][vc_column_text css=\u00bb.vc_custom_1544987031879{border-bottom-width: 1px !important;padding-bottom: 10px !important;border-bottom-color: #e8e8e8 !important;border-bottom-style: solid !important;}\u00bb]<\/p>\n<p class=\"paint-accent-color\" style=\"text-align: right; margin-bottom: -28px;\"><span style=\"font-size: 18pt;\"><strong>50 \u20ac<\/strong><\/span><\/p>\n<p class=\"color-title\" style=\"text-align: left; padding-right: 50px;\"><span style=\"font-size: 18pt;\"><strong><em>60 minutos<\/em><\/strong><\/span><\/p>\n<p>[\/vc_column_text]<style type=\"text\/css\" data-type=\"the7_shortcodes-inline-css\">#default-btn-97ae1aee71bf6995dd43b3a34d7325bd.ico-right-side > i {\n  margin-right: 0px;\n  margin-left: 8px;\n}\n#default-btn-97ae1aee71bf6995dd43b3a34d7325bd > i {\n  margin-right: 8px;\n}\n#default-btn-97ae1aee71bf6995dd43b3a34d7325bd * {\n  vertical-align: middle;\n}\n<\/style><div class=\"btn-align-center\"><a href=\"https:\/\/terapiassandalo.com\/?product=especial-parejas\" class=\"default-btn-shortcode dt-btn dt-btn-l link-hover-off \" id=\"default-btn-97ae1aee71bf6995dd43b3a34d7325bd\"><span>Comprar<\/span><\/a><\/div>[vc_empty_space height=\u00bb62px\u00bb][vc_single_image image=\u00bb2431&#8243; img_size=\u00bbfull\u00bb]<div id=\"ultimate-heading-80806a045d779a955\" class=\"uvc-heading ult-adjust-bottom-margin ultimate-heading-80806a045d779a955 uvc-9362 color-title accent-title-color\" data-hspacer=\"no_spacer\"  data-halign=\"center\" style=\"text-align:center\"><div class=\"uvc-heading-spacer no_spacer\" style=\"top\"><\/div><div class=\"uvc-main-heading ult-responsive\"  data-ultimate-target='.uvc-heading.ultimate-heading-80806a045d779a955 h2'  data-responsive-json-new='{\"font-size\":\"desktop:20px;\",\"line-height\":\"\"}' ><h2 style=\"font-style:italic;font-weight:bold;margin-bottom:5px;\">Tratamiento<\/h2><\/div><div class=\"uvc-sub-heading ult-responsive\"  data-ultimate-target='.uvc-heading.ultimate-heading-80806a045d779a955 .uvc-sub-heading '  data-responsive-json-new='{\"font-size\":\"desktop:26px;\",\"line-height\":\"\"}'  style=\"font-style:italic;font-weight:bold;margin-bottom:30px;\">Regenerante corporal<\/div><\/div>[vc_column_text]<\/p>\n<div style=\"text-align: justify;\">\n<p>Este ritual est\u00e1 especialmente indicado para recuperar el equilibrio de la piel, y aportar la hidrataci\u00f3n necesaria para combatir los agentes externos que resecan nuestra piel.<\/p>\n<div>El tratamiento consiste en:<\/div>\n<ul>\n<li>Exfoliaci\u00f3n con Sales del Mar Muerto, maceradas en aceite de almendras dulces y aloe.<\/li>\n<li>Masaje con aceite de Coco, Rosa Mosqueta y esencia de jazm\u00edn.<\/li>\n<li>Hidrataci\u00f3n con base de Arg\u00e1n.<\/li>\n<\/ul>\n<\/div>\n<p>[\/vc_column_text][vc_column_text css=\u00bb.vc_custom_1544987359040{border-bottom-width: 1px !important;padding-bottom: 10px !important;border-bottom-color: #e8e8e8 !important;border-bottom-style: solid !important;}\u00bb]<\/p>\n<p class=\"paint-accent-color\" style=\"text-align: right; margin-bottom: -28px;\"><span style=\"font-size: 18pt;\"><strong>39 \u20ac<\/strong><\/span><\/p>\n<p class=\"color-title\" style=\"text-align: left; padding-right: 50px;\"><span style=\"font-size: 18pt;\"><strong><em>75 minutos<\/em><\/strong><\/span><\/p>\n<p>[\/vc_column_text]<style type=\"text\/css\" data-type=\"the7_shortcodes-inline-css\">#default-btn-956ab6293c2a28623084183a42e64443.ico-right-side > i {\n  margin-right: 0px;\n  margin-left: 8px;\n}\n#default-btn-956ab6293c2a28623084183a42e64443 > i {\n  margin-right: 8px;\n}\n#default-btn-956ab6293c2a28623084183a42e64443 * {\n  vertical-align: middle;\n}\n<\/style><div class=\"btn-align-center\"><a href=\"https:\/\/terapiassandalo.com\/?product=tratamiento-regenerante-corporal\" class=\"default-btn-shortcode dt-btn dt-btn-l link-hover-off https:\/\/terapiassandalo.com\/producto\/tratamiento-regenerante-corporal\/ \" id=\"default-btn-956ab6293c2a28623084183a42e64443\"><span>Comprar<\/span><\/a><\/div>[vc_empty_space height=\u00bb62px\u00bb][vc_single_image image=\u00bb2423&#8243; img_size=\u00bbfull\u00bb]<div id=\"ultimate-heading-99296a045d779aade\" class=\"uvc-heading ult-adjust-bottom-margin ultimate-heading-99296a045d779aade uvc-2144 color-title accent-title-color\" data-hspacer=\"no_spacer\"  data-halign=\"center\" style=\"text-align:center\"><div class=\"uvc-heading-spacer no_spacer\" style=\"top\"><\/div><div class=\"uvc-main-heading ult-responsive\"  data-ultimate-target='.uvc-heading.ultimate-heading-99296a045d779aade h2'  data-responsive-json-new='{\"font-size\":\"desktop:20px;\",\"line-height\":\"\"}' ><h2 style=\"font-style:italic;font-weight:bold;margin-bottom:5px;\">Ritual<\/h2><\/div><div class=\"uvc-sub-heading ult-responsive\"  data-ultimate-target='.uvc-heading.ultimate-heading-99296a045d779aade .uvc-sub-heading '  data-responsive-json-new='{\"font-size\":\"desktop:26px;\",\"line-height\":\"\"}'  style=\"font-style:italic;font-weight:bold;margin-bottom:30px;\">Ritual de los Dioses<\/div><\/div>[vc_column_text]<\/p>\n<div style=\"text-align: justify;\">\n<p>Masaje mil aromas. M\u00edmate con la armon\u00eda de las esencias naturales, rel\u00e1jate y evade tu estr\u00e9s diario. Este ritual tambi\u00e9n incluye maderoterapia facial<\/p><\/div>\n<p>[\/vc_column_text][vc_column_text css=\u00bb.vc_custom_1671126677299{border-bottom-width: 1px !important;padding-bottom: 10px !important;border-bottom-color: #e8e8e8 !important;border-bottom-style: solid !important;}\u00bb]<\/p>\n<p class=\"paint-accent-color\" style=\"text-align: right; margin-bottom: -28px;\"><span style=\"font-size: 18pt;\"><strong>40 \u20ac<\/strong><\/span><\/p>\n<p class=\"color-title\" style=\"text-align: left; padding-right: 50px;\"><span style=\"font-size: 18pt;\"><strong><em>90 minutos<\/em><\/strong><\/span><\/p>\n<p>[\/vc_column_text]<style type=\"text\/css\" data-type=\"the7_shortcodes-inline-css\">#default-btn-c37f4797436d99fb110021dfd606d6b3.ico-right-side > i {\n  margin-right: 0px;\n  margin-left: 8px;\n}\n#default-btn-c37f4797436d99fb110021dfd606d6b3 > i {\n  margin-right: 8px;\n}\n#default-btn-c37f4797436d99fb110021dfd606d6b3 * {\n  vertical-align: middle;\n}\n<\/style><div class=\"btn-align-center\"><a href=\"https:\/\/terapiassandalo.com\/?product=ritual-de-los-dioses-2\" class=\"default-btn-shortcode dt-btn dt-btn-l link-hover-off https:\/\/terapiassandalo.com\/producto\/ritual-de-los-dioses\/ \" id=\"default-btn-c37f4797436d99fb110021dfd606d6b3\"><span>Comprar<\/span><\/a><\/div>[\/vc_column][vc_column width=\u00bb1\/4&#8243;][\/vc_column][\/vc_row][vc_row][vc_column][vc_empty_space][\/vc_column][\/vc_row][vc_row][vc_column][\/vc_column][\/vc_row]<\/p>\n<\/div>","protected":false},"excerpt":{"rendered":"<p>[vc_row][vc_column width=\u00bb1\/4&#8243;][\/vc_column][vc_column width=\u00bb1\/2&#8243;][vc_single_image image=\u00bb2531&#8243; img_size=\u00bbfull\u00bb][vc_column_text]Masaje a elegir entre drenante de piernas o relajante espalda y cuello + reflexolog\u00eda podal[\/vc_column_text][vc_column_text css=\u00bb.vc_custom_1637343705024{border-bottom-width: 1px !important;padding-bottom: 10px !important;border-bottom-color: #e8e8e8 !important;border-bottom-style: solid !important;}\u00bb] 35 \u20ac 70 minutos [\/vc_column_text][vc_single_image image=\u00bb2432&#8243; img_size=\u00bbfull\u00bb][vc_column_text] Sorprender\u00e1s a tu pareja en un d\u00eda especial. S\u00e1ndalo os ofrece un masaje con aromaterapia relajante que incluye: Romero y&hellip;<\/p>\n","protected":false},"author":2,"featured_media":0,"parent":0,"menu_order":0,"comment_status":"closed","ping_status":"closed","template":"","meta":{"_joinchat":[]},"class_list":["post-1741","page","type-page","status-publish","hentry","description-off"],"_links":{"self":[{"href":"https:\/\/terapiassandalo.com\/index.php?rest_route=\/wp\/v2\/pages\/1741"}],"collection":[{"href":"https:\/\/terapiassandalo.com\/index.php?rest_route=\/wp\/v2\/pages"}],"about":[{"href":"https:\/\/terapiassandalo.com\/index.php?rest_route=\/wp\/v2\/types\/page"}],"author":[{"embeddable":true,"href":"https:\/\/terapiassandalo.com\/index.php?rest_route=\/wp\/v2\/users\/2"}],"replies":[{"embeddable":true,"href":"https:\/\/terapiassandalo.com\/index.php?rest_route=%2Fwp%2Fv2%2Fcomments&post=1741"}],"version-history":[{"count":22,"href":"https:\/\/terapiassandalo.com\/index.php?rest_route=\/wp\/v2\/pages\/1741\/revisions"}],"predecessor-version":[{"id":2539,"href":"https:\/\/terapiassandalo.com\/index.php?rest_route=\/wp\/v2\/pages\/1741\/revisions\/2539"}],"wp:attachment":[{"href":"https:\/\/terapiassandalo.com\/index.php?rest_route=%2Fwp%2Fv2%2Fmedia&parent=1741"}],"curies":[{"name":"wp","href":"https:\/\/api.w.org\/{rel}","templated":true}]}}